{"id":73,"date":"2023-02-01T00:29:22","date_gmt":"2023-01-31T23:29:22","guid":{"rendered":"https:\/\/audit-ucetni-zaverky.bedesign.cz\/audit-ucetni-zaverky\/?page_id=73"},"modified":"2023-02-01T00:30:03","modified_gmt":"2023-01-31T23:30:03","slug":"aktuality","status":"publish","type":"page","link":"https:\/\/audit-ucetni-zaverky.bedesign.cz\/audit-ucetni-zaverky\/aktuality\/","title":{"rendered":"Aktuality"},"content":{"rendered":"\t\t<div data-elementor-type=\"wp-page\" data-elementor-id=\"73\" class=\"elementor elementor-73\" data-elementor-post-type=\"page\">\n\t\t\t\t<div class=\"elementor-element elementor-element-bc01ac2 e-flex e-con-boxed e-con e-parent\" data-id=\"bc01ac2\" data-element_type=\"container\">\n\t\t\t\t\t<div class=\"e-con-inner\">\n\t\t\t\t<div class=\"elementor-element elementor-element-d97327d elementor-grid-4 elementor-grid-tablet-2 elementor-grid-mobile-1 elementor-posts--thumbnail-top elementor-card-shadow-yes elementor-posts__hover-gradient elementor-widget elementor-widget-posts\" data-id=\"d97327d\" data-element_type=\"widget\" data-settings=\"{&quot;cards_columns&quot;:&quot;4&quot;,&quot;pagination_type&quot;:&quot;numbers&quot;,&quot;cards_columns_tablet&quot;:&quot;2&quot;,&quot;cards_columns_mobile&quot;:&quot;1&quot;,&quot;cards_row_gap&quot;:{&quot;unit&quot;:&quot;px&quot;,&quot;size&quot;:35,&quot;sizes&quot;:[]},&quot;cards_row_gap_tablet&quot;:{&quot;unit&quot;:&quot;px&quot;,&quot;size&quot;:&quot;&quot;,&quot;sizes&quot;:[]},&quot;cards_row_gap_mobile&quot;:{&quot;unit&quot;:&quot;px&quot;,&quot;size&quot;:&quot;&quot;,&quot;sizes&quot;:[]}}\" data-widget_type=\"posts.cards\">\n\t\t\t\t<div class=\"elementor-widget-container\">\n\t\t\t\t\t\t\t<div class=\"elementor-posts-container elementor-posts elementor-posts--skin-cards elementor-grid\">\n\t\t\t\t<article class=\"elementor-post elementor-grid-item post-116 post type-post status-publish format-standard has-post-thumbnail hentry category-aktualita\">\n\t\t\t<div class=\"elementor-post__card\">\n\t\t\t\t<a class=\"elementor-post__thumbnail__link\" href=\"https:\/\/audit-ucetni-zaverky.bedesign.cz\/audit-ucetni-zaverky\/aktualita\/ukazka\/\" tabindex=\"-1\" ><div class=\"elementor-post__thumbnail\"><img fetchpriority=\"high\" decoding=\"async\" width=\"300\" height=\"200\" src=\"https:\/\/audit-ucetni-zaverky.bedesign.cz\/audit-ucetni-zaverky\/wp-content\/uploads\/2023\/02\/audit-ucetni-zaverkyIII-300x200.jpg\" class=\"attachment-medium size-medium wp-image-35\" alt=\"audit-ucetni-zaverky bedesign.cz\" srcset=\"https:\/\/audit-ucetni-zaverky.bedesign.cz\/audit-ucetni-zaverky\/wp-content\/uploads\/2023\/02\/audit-ucetni-zaverkyIII-300x200.jpg 300w, https:\/\/audit-ucetni-zaverky.bedesign.cz\/audit-ucetni-zaverky\/wp-content\/uploads\/2023\/02\/audit-ucetni-zaverkyIII-1024x683.jpg 1024w, https:\/\/audit-ucetni-zaverky.bedesign.cz\/audit-ucetni-zaverky\/wp-content\/uploads\/2023\/02\/audit-ucetni-zaverkyIII-768x512.jpg 768w, https:\/\/audit-ucetni-zaverky.bedesign.cz\/audit-ucetni-zaverky\/wp-content\/uploads\/2023\/02\/audit-ucetni-zaverkyIII.jpg 1300w\" sizes=\"(max-width: 300px) 100vw, 300px\" \/><\/div><\/a>\n\t\t\t\t<div class=\"elementor-post__badge\">Aktualita<\/div>\n\t\t\t\t<div class=\"elementor-post__text\">\n\t\t\t\t<h3 class=\"elementor-post__title\">\n\t\t\t<a href=\"https:\/\/audit-ucetni-zaverky.bedesign.cz\/audit-ucetni-zaverky\/aktualita\/ukazka\/\" >\n\t\t\t\tUk\u00e1zka\t\t\t<\/a>\n\t\t<\/h3>\n\t\t\t\t<div class=\"elementor-post__excerpt\">\n\t\t\t<p>Toto je uk\u00e1zkov\u00fd text, kter\u00fd bude nahrazen Va\u0161\u00edm. Toto je uk\u00e1zkov\u00fd text, kter\u00fd bude nahrazen<\/p>\n\t\t<\/div>\n\t\t\t\t<\/div>\n\t\t\t\t<div class=\"elementor-post__meta-data\">\n\t\t\t\t\t<span class=\"elementor-post-date\">\n\t\t\t1. 2. 2023\t\t<\/span>\n\t\t\t\t<span class=\"elementor-post-avatar\">\n\t\t\t\u017d\u00e1dn\u00e9 koment\u00e1\u0159e\t\t<\/span>\n\t\t\t\t<\/div>\n\t\t\t\t\t<\/div>\n\t\t<\/article>\n\t\t\t\t<article class=\"elementor-post elementor-grid-item post-114 post type-post status-publish format-standard has-post-thumbnail hentry category-aktualita\">\n\t\t\t<div class=\"elementor-post__card\">\n\t\t\t\t<a class=\"elementor-post__thumbnail__link\" href=\"https:\/\/audit-ucetni-zaverky.bedesign.cz\/audit-ucetni-zaverky\/aktualita\/ukazka-2\/\" tabindex=\"-1\" ><div class=\"elementor-post__thumbnail\"><img decoding=\"async\" width=\"300\" height=\"200\" src=\"https:\/\/audit-ucetni-zaverky.bedesign.cz\/audit-ucetni-zaverky\/wp-content\/uploads\/2023\/02\/audit-ucetni-zaverkya-300x200.jpg\" class=\"attachment-medium size-medium wp-image-90\" alt=\"audit-ucetni-zaverky bedesign.cz\" srcset=\"https:\/\/audit-ucetni-zaverky.bedesign.cz\/audit-ucetni-zaverky\/wp-content\/uploads\/2023\/02\/audit-ucetni-zaverkya-300x200.jpg 300w, https:\/\/audit-ucetni-zaverky.bedesign.cz\/audit-ucetni-zaverky\/wp-content\/uploads\/2023\/02\/audit-ucetni-zaverkya-1024x683.jpg 1024w, https:\/\/audit-ucetni-zaverky.bedesign.cz\/audit-ucetni-zaverky\/wp-content\/uploads\/2023\/02\/audit-ucetni-zaverkya-768x512.jpg 768w, https:\/\/audit-ucetni-zaverky.bedesign.cz\/audit-ucetni-zaverky\/wp-content\/uploads\/2023\/02\/audit-ucetni-zaverkya.jpg 1300w\" sizes=\"(max-width: 300px) 100vw, 300px\" \/><\/div><\/a>\n\t\t\t\t<div class=\"elementor-post__badge\">Aktualita<\/div>\n\t\t\t\t<div class=\"elementor-post__text\">\n\t\t\t\t<h3 class=\"elementor-post__title\">\n\t\t\t<a href=\"https:\/\/audit-ucetni-zaverky.bedesign.cz\/audit-ucetni-zaverky\/aktualita\/ukazka-2\/\" >\n\t\t\t\tUk\u00e1zka 2\t\t\t<\/a>\n\t\t<\/h3>\n\t\t\t\t<div class=\"elementor-post__excerpt\">\n\t\t\t<p>Toto je uk\u00e1zkov\u00fd text, kter\u00fd bude nahrazen Va\u0161\u00edm. Toto je uk\u00e1zkov\u00fd text, kter\u00fd bude nahrazen<\/p>\n\t\t<\/div>\n\t\t\t\t<\/div>\n\t\t\t\t<div class=\"elementor-post__meta-data\">\n\t\t\t\t\t<span class=\"elementor-post-date\">\n\t\t\t1. 2. 2023\t\t<\/span>\n\t\t\t\t<span class=\"elementor-post-avatar\">\n\t\t\t\u017d\u00e1dn\u00e9 koment\u00e1\u0159e\t\t<\/span>\n\t\t\t\t<\/div>\n\t\t\t\t\t<\/div>\n\t\t<\/article>\n\t\t\t\t<article class=\"elementor-post elementor-grid-item post-112 post type-post status-publish format-standard has-post-thumbnail hentry category-aktualita\">\n\t\t\t<div class=\"elementor-post__card\">\n\t\t\t\t<a class=\"elementor-post__thumbnail__link\" href=\"https:\/\/audit-ucetni-zaverky.bedesign.cz\/audit-ucetni-zaverky\/aktualita\/ukazka-3\/\" tabindex=\"-1\" ><div class=\"elementor-post__thumbnail\"><img decoding=\"async\" width=\"300\" height=\"200\" src=\"https:\/\/audit-ucetni-zaverky.bedesign.cz\/audit-ucetni-zaverky\/wp-content\/uploads\/2023\/02\/audit-ucetni-zaverkyaa-300x200.jpg\" class=\"attachment-medium size-medium wp-image-89\" alt=\"audit-ucetni-zaverky bedesign.cz\" srcset=\"https:\/\/audit-ucetni-zaverky.bedesign.cz\/audit-ucetni-zaverky\/wp-content\/uploads\/2023\/02\/audit-ucetni-zaverkyaa-300x200.jpg 300w, https:\/\/audit-ucetni-zaverky.bedesign.cz\/audit-ucetni-zaverky\/wp-content\/uploads\/2023\/02\/audit-ucetni-zaverkyaa-1024x683.jpg 1024w, https:\/\/audit-ucetni-zaverky.bedesign.cz\/audit-ucetni-zaverky\/wp-content\/uploads\/2023\/02\/audit-ucetni-zaverkyaa-768x512.jpg 768w, https:\/\/audit-ucetni-zaverky.bedesign.cz\/audit-ucetni-zaverky\/wp-content\/uploads\/2023\/02\/audit-ucetni-zaverkyaa.jpg 1300w\" sizes=\"(max-width: 300px) 100vw, 300px\" \/><\/div><\/a>\n\t\t\t\t<div class=\"elementor-post__badge\">Aktualita<\/div>\n\t\t\t\t<div class=\"elementor-post__text\">\n\t\t\t\t<h3 class=\"elementor-post__title\">\n\t\t\t<a href=\"https:\/\/audit-ucetni-zaverky.bedesign.cz\/audit-ucetni-zaverky\/aktualita\/ukazka-3\/\" >\n\t\t\t\tUk\u00e1zka 3\t\t\t<\/a>\n\t\t<\/h3>\n\t\t\t\t<div class=\"elementor-post__excerpt\">\n\t\t\t<p>Toto je uk\u00e1zkov\u00fd text, kter\u00fd bude nahrazen Va\u0161\u00edm. Toto je uk\u00e1zkov\u00fd text, kter\u00fd bude nahrazen<\/p>\n\t\t<\/div>\n\t\t\t\t<\/div>\n\t\t\t\t<div class=\"elementor-post__meta-data\">\n\t\t\t\t\t<span class=\"elementor-post-date\">\n\t\t\t1. 2. 2023\t\t<\/span>\n\t\t\t\t<span class=\"elementor-post-avatar\">\n\t\t\t\u017d\u00e1dn\u00e9 koment\u00e1\u0159e\t\t<\/span>\n\t\t\t\t<\/div>\n\t\t\t\t\t<\/div>\n\t\t<\/article>\n\t\t\t\t<article class=\"elementor-post elementor-grid-item post-109 post type-post status-publish format-standard has-post-thumbnail hentry category-aktualita\">\n\t\t\t<div class=\"elementor-post__card\">\n\t\t\t\t<a class=\"elementor-post__thumbnail__link\" href=\"https:\/\/audit-ucetni-zaverky.bedesign.cz\/audit-ucetni-zaverky\/aktualita\/ukazka-4\/\" tabindex=\"-1\" ><div class=\"elementor-post__thumbnail\"><img loading=\"lazy\" decoding=\"async\" width=\"300\" height=\"194\" src=\"https:\/\/audit-ucetni-zaverky.bedesign.cz\/audit-ucetni-zaverky\/wp-content\/uploads\/2023\/02\/audit-ucetni-zaverkyaaa-300x194.jpg\" class=\"attachment-medium size-medium wp-image-88\" alt=\"audit-ucetni-zaverky bedesign.czucetni-zaverky\" srcset=\"https:\/\/audit-ucetni-zaverky.bedesign.cz\/audit-ucetni-zaverky\/wp-content\/uploads\/2023\/02\/audit-ucetni-zaverkyaaa-300x194.jpg 300w, https:\/\/audit-ucetni-zaverky.bedesign.cz\/audit-ucetni-zaverky\/wp-content\/uploads\/2023\/02\/audit-ucetni-zaverkyaaa-1024x663.jpg 1024w, https:\/\/audit-ucetni-zaverky.bedesign.cz\/audit-ucetni-zaverky\/wp-content\/uploads\/2023\/02\/audit-ucetni-zaverkyaaa-768x497.jpg 768w, https:\/\/audit-ucetni-zaverky.bedesign.cz\/audit-ucetni-zaverky\/wp-content\/uploads\/2023\/02\/audit-ucetni-zaverkyaaa.jpg 1300w\" sizes=\"(max-width: 300px) 100vw, 300px\" \/><\/div><\/a>\n\t\t\t\t<div class=\"elementor-post__badge\">Aktualita<\/div>\n\t\t\t\t<div class=\"elementor-post__text\">\n\t\t\t\t<h3 class=\"elementor-post__title\">\n\t\t\t<a href=\"https:\/\/audit-ucetni-zaverky.bedesign.cz\/audit-ucetni-zaverky\/aktualita\/ukazka-4\/\" >\n\t\t\t\tUk\u00e1zka 4\t\t\t<\/a>\n\t\t<\/h3>\n\t\t\t\t<div class=\"elementor-post__excerpt\">\n\t\t\t<p>Toto je uk\u00e1zkov\u00fd text, kter\u00fd bude nahrazen Va\u0161\u00edm. Toto je uk\u00e1zkov\u00fd text, kter\u00fd bude nahrazen<\/p>\n\t\t<\/div>\n\t\t\t\t<\/div>\n\t\t\t\t<div class=\"elementor-post__meta-data\">\n\t\t\t\t\t<span class=\"elementor-post-date\">\n\t\t\t1. 2. 2023\t\t<\/span>\n\t\t\t\t<span class=\"elementor-post-avatar\">\n\t\t\t\u017d\u00e1dn\u00e9 koment\u00e1\u0159e\t\t<\/span>\n\t\t\t\t<\/div>\n\t\t\t\t\t<\/div>\n\t\t<\/article>\n\t\t\t\t<\/div>\n\t\t\n\t\t\t\t\t\t<\/div>\n\t\t\t\t<\/div>\n\t\t\t\t\t<\/div>\n\t\t\t\t<\/div>\n\t\t\t\t<\/div>\n\t\t","protected":false},"excerpt":{"rendered":"","protected":false},"author":3,"featured_media":0,"parent":0,"menu_order":0,"comment_status":"closed","ping_status":"closed","template":"","meta":{"footnotes":""},"class_list":["post-73","page","type-page","status-publish","hentry"],"_links":{"self":[{"href":"https:\/\/audit-ucetni-zaverky.bedesign.cz\/audit-ucetni-zaverky\/wp-json\/wp\/v2\/pages\/73","targetHints":{"allow":["GET"]}}],"collection":[{"href":"https:\/\/audit-ucetni-zaverky.bedesign.cz\/audit-ucetni-zaverky\/wp-json\/wp\/v2\/pages"}],"about":[{"href":"https:\/\/audit-ucetni-zaverky.bedesign.cz\/audit-ucetni-zaverky\/wp-json\/wp\/v2\/types\/page"}],"author":[{"embeddable":true,"href":"https:\/\/audit-ucetni-zaverky.bedesign.cz\/audit-ucetni-zaverky\/wp-json\/wp\/v2\/users\/3"}],"replies":[{"embeddable":true,"href":"https:\/\/audit-ucetni-zaverky.bedesign.cz\/audit-ucetni-zaverky\/wp-json\/wp\/v2\/comments?post=73"}],"version-history":[{"count":4,"href":"https:\/\/audit-ucetni-zaverky.bedesign.cz\/audit-ucetni-zaverky\/wp-json\/wp\/v2\/pages\/73\/revisions"}],"predecessor-version":[{"id":77,"href":"https:\/\/audit-ucetni-zaverky.bedesign.cz\/audit-ucetni-zaverky\/wp-json\/wp\/v2\/pages\/73\/revisions\/77"}],"wp:attachment":[{"href":"https:\/\/audit-ucetni-zaverky.bedesign.cz\/audit-ucetni-zaverky\/wp-json\/wp\/v2\/media?parent=73"}],"curies":[{"name":"wp","href":"https:\/\/api.w.org\/{rel}","templated":true}]}}